{"id":161,"date":"2013-09-18T10:56:22","date_gmt":"2013-09-18T08:56:22","guid":{"rendered":"http:\/\/blogs.internetallee.de\/byteblog\/?page_id=161"},"modified":"2013-09-18T10:56:22","modified_gmt":"2013-09-18T08:56:22","slug":"impressum","status":"publish","type":"page","link":"https:\/\/blogs.internetallee.de\/byteblog\/impressum\/","title":{"rendered":"Impressum"},"content":{"rendered":"<p>Der Herausgeber\/Betreiber der Website bytewurf.de ist der Verein ByteWurf, Bonn. Derzeit bereitet der Verein die Eintragung in das Vereinsregister vor.<\/p>\n<div>Verein ByteWurf<br \/>\nBreite Stra\u00dfe 74<br \/>\n53111 Bonn<br \/>\nE-Mail: info@bytewurf.de<\/div>\n<div><\/div>\n<div>Vertretungsberechtigter Vorstand:<br \/>\nChristian K\u00f6hler (1. Vorsitzender),<br \/>\nJ\u00f6rg Loosen (2. Vorsitzender),<br \/>\nUrte Herrmann (Schatzmeisterin),<br \/>\nDirk Schmidt (Schriftf\u00fchrer),<br \/>\nE-Mail: vorstand@bytewurf.de<\/div>\n<div><\/div>\n<div>Inhaltlich Verantwortlicher gem\u00e4\u00df \u00a7 6 MDStV:<br \/>\nThomas Feldkamp, E-Mail: tommi@bytewurf.de<\/div>\n","protected":false},"excerpt":{"rendered":"<p>Der Herausgeber\/Betreiber der Website bytewurf.de ist der Verein ByteWurf, Bonn. Derzeit bereitet der Verein die Eintragung in das Vereinsregister vor. Verein ByteWurf Breite Stra\u00dfe 74 53111 Bonn E-Mail: info@bytewurf.de Vertretungsberechtigter Vorstand: Christian K\u00f6hler (1. Vorsitzender), J\u00f6rg Loosen (2. Vorsitzender), Urte Herrmann (Schatzmeisterin), Dirk Schmidt (Schriftf\u00fchrer), E-Mail: vorstand@bytewurf.de Inhaltlich Verantwortlicher gem\u00e4\u00df \u00a7 6 MDStV: Thomas Feldkamp, [&hellip;]<\/p>\n","protected":false},"author":1,"featured_media":0,"parent":0,"menu_order":0,"comment_status":"open","ping_status":"open","template":"","meta":{"footnotes":""},"class_list":["post-161","page","type-page","status-publish","hentry"],"_links":{"self":[{"href":"https:\/\/blogs.internetallee.de\/byteblog\/wp-json\/wp\/v2\/pages\/161","targetHints":{"allow":["GET"]}}],"collection":[{"href":"https:\/\/blogs.internetallee.de\/byteblog\/wp-json\/wp\/v2\/pages"}],"about":[{"href":"https:\/\/blogs.internetallee.de\/byteblog\/wp-json\/wp\/v2\/types\/page"}],"author":[{"embeddable":true,"href":"https:\/\/blogs.internetallee.de\/byteblog\/wp-json\/wp\/v2\/users\/1"}],"replies":[{"embeddable":true,"href":"https:\/\/blogs.internetallee.de\/byteblog\/wp-json\/wp\/v2\/comments?post=161"}],"version-history":[{"count":1,"href":"https:\/\/blogs.internetallee.de\/byteblog\/wp-json\/wp\/v2\/pages\/161\/revisions"}],"predecessor-version":[{"id":162,"href":"https:\/\/blogs.internetallee.de\/byteblog\/wp-json\/wp\/v2\/pages\/161\/revisions\/162"}],"wp:attachment":[{"href":"https:\/\/blogs.internetallee.de\/byteblog\/wp-json\/wp\/v2\/media?parent=161"}],"curies":[{"name":"wp","href":"https:\/\/api.w.org\/{rel}","templated":true}]}}