{"id":94,"date":"2025-07-19T20:38:35","date_gmt":"2025-07-19T18:38:35","guid":{"rendered":"https:\/\/blogs.internetallee.de\/martin\/?page_id=94"},"modified":"2025-07-27T11:50:59","modified_gmt":"2025-07-27T09:50:59","slug":"ueber-mich","status":"publish","type":"page","link":"https:\/\/blogs.internetallee.de\/martin\/ueber-mich\/","title":{"rendered":"\u00dcber mich"},"content":{"rendered":"\n<p>Ich bin 1968 als Martin Kaiser in K\u00f6ln geboren und hier im Stadtteil Ehrenfeld 1,93 gro\u00df geworden.<br>Im Kindesalter wurde ich \u00fcber die Blockfl\u00f6te zur Trompete gef\u00fchrt und entschied mich als Jugendlicher zum Wechsel an die Tuba. Eine gute Entscheidung. Mitwirkung in Jugendorchestern, Milit\u00e4rmusik etc. Zudem erste Band-Erfahrungen mit E-Ba\u00df. Gesang in verschiedenen Ch\u00f6ren und Ensembles.<br>Nach dem Studium der Musiktherapie in Heidelberg und Kurorchester-T\u00e4tigkeit an der Nordsee lebe ich seit 1994 im sch\u00f6nen Combahn-Viertel in Bonn.<br>Ich habe im August 2018 nach langj\u00e4hriger Partnerschaft geheiratet und hei\u00dfe seit dem Martin Th\u00fcringer. Und das ist auch gut so.<\/p>\n","protected":false},"excerpt":{"rendered":"<p>Ich bin 1968 als Martin Kaiser in K\u00f6ln geboren und hier im Stadtteil Ehrenfeld 1,93 gro\u00df geworden.Im Kindesalter wurde ich \u00fcber die Blockfl\u00f6te zur Trompete gef\u00fchrt und entschied mich als Jugendlicher zum Wechsel an die Tuba. Eine gute Entscheidung. Mitwirkung in Jugendorchestern, Milit\u00e4rmusik etc. Zudem erste Band-Erfahrungen mit E-Ba\u00df. Gesang in verschiedenen Ch\u00f6ren und Ensembles.Nach &hellip;<\/p>\n","protected":false},"author":4,"featured_media":0,"parent":0,"menu_order":0,"comment_status":"closed","ping_status":"closed","template":"elementor_theme","meta":{"_vp_format_video_url":"","_vp_image_focal_point":[],"footnotes":""},"class_list":["post-94","page","type-page","status-publish","hentry"],"yoast_head":"<!-- This site is optimized with the Yoast SEO plugin v27.4 - https:\/\/yoast.com\/product\/yoast-seo-wordpress\/ -->\n<title>\u00dcber mich |<\/title>\n<meta name=\"robots\" content=\"noindex, nofollow\" \/>\n<meta property=\"og:locale\" content=\"de_DE\" \/>\n<meta property=\"og:type\" content=\"article\" \/>\n<meta property=\"og:title\" content=\"\u00dcber mich |\" \/>\n<meta property=\"og:description\" content=\"Ich bin 1968 als Martin Kaiser in K\u00f6ln geboren und hier im Stadtteil Ehrenfeld 1,93 gro\u00df geworden.Im Kindesalter wurde ich \u00fcber die Blockfl\u00f6te zur Trompete gef\u00fchrt und entschied mich als Jugendlicher zum Wechsel an die Tuba. Eine gute Entscheidung. Mitwirkung in Jugendorchestern, Milit\u00e4rmusik etc. Zudem erste Band-Erfahrungen mit E-Ba\u00df. Gesang in verschiedenen Ch\u00f6ren und Ensembles.Nach &hellip;\" \/>\n<meta property=\"og:url\" content=\"https:\/\/blogs.internetallee.de\/martin\/ueber-mich\/\" \/>\n<meta property=\"article:modified_time\" content=\"2025-07-27T09:50:59+00:00\" \/>\n<meta name=\"twitter:card\" content=\"summary_large_image\" \/>\n<meta name=\"twitter:label1\" content=\"Gesch\u00e4tzte Lesezeit\" \/>\n\t<meta name=\"twitter:data1\" content=\"1\u00a0Minute\" \/>\n<script type=\"application\/ld+json\" class=\"yoast-schema-graph\">{\"@context\":\"https:\\\/\\\/schema.org\",\"@graph\":[{\"@type\":\"WebPage\",\"@id\":\"https:\\\/\\\/blogs.internetallee.de\\\/martin\\\/ueber-mich\\\/\",\"url\":\"https:\\\/\\\/blogs.internetallee.de\\\/martin\\\/ueber-mich\\\/\",\"name\":\"\u00dcber mich |\",\"isPartOf\":{\"@id\":\"https:\\\/\\\/blogs.internetallee.de\\\/martin\\\/#website\"},\"datePublished\":\"2025-07-19T18:38:35+00:00\",\"dateModified\":\"2025-07-27T09:50:59+00:00\",\"breadcrumb\":{\"@id\":\"https:\\\/\\\/blogs.internetallee.de\\\/martin\\\/ueber-mich\\\/#breadcrumb\"},\"inLanguage\":\"de\",\"potentialAction\":[{\"@type\":\"ReadAction\",\"target\":[\"https:\\\/\\\/blogs.internetallee.de\\\/martin\\\/ueber-mich\\\/\"]}]},{\"@type\":\"BreadcrumbList\",\"@id\":\"https:\\\/\\\/blogs.internetallee.de\\\/martin\\\/ueber-mich\\\/#breadcrumb\",\"itemListElement\":[{\"@type\":\"ListItem\",\"position\":1,\"name\":\"Startseite\",\"item\":\"https:\\\/\\\/blogs.internetallee.de\\\/martin\\\/\"},{\"@type\":\"ListItem\",\"position\":2,\"name\":\"\u00dcber mich\"}]},{\"@type\":\"WebSite\",\"@id\":\"https:\\\/\\\/blogs.internetallee.de\\\/martin\\\/#website\",\"url\":\"https:\\\/\\\/blogs.internetallee.de\\\/martin\\\/\",\"name\":\"\",\"description\":\"\",\"potentialAction\":[{\"@type\":\"SearchAction\",\"target\":{\"@type\":\"EntryPoint\",\"urlTemplate\":\"https:\\\/\\\/blogs.internetallee.de\\\/martin\\\/?s={search_term_string}\"},\"query-input\":{\"@type\":\"PropertyValueSpecification\",\"valueRequired\":true,\"valueName\":\"search_term_string\"}}],\"inLanguage\":\"de\"}]}<\/script>\n<!-- \/ Yoast SEO plugin. -->","yoast_head_json":{"title":"\u00dcber mich |","robots":{"index":"noindex","follow":"nofollow"},"og_locale":"de_DE","og_type":"article","og_title":"\u00dcber mich |","og_description":"Ich bin 1968 als Martin Kaiser in K\u00f6ln geboren und hier im Stadtteil Ehrenfeld 1,93 gro\u00df geworden.Im Kindesalter wurde ich \u00fcber die Blockfl\u00f6te zur Trompete gef\u00fchrt und entschied mich als Jugendlicher zum Wechsel an die Tuba. Eine gute Entscheidung. Mitwirkung in Jugendorchestern, Milit\u00e4rmusik etc. Zudem erste Band-Erfahrungen mit E-Ba\u00df. Gesang in verschiedenen Ch\u00f6ren und Ensembles.Nach &hellip;","og_url":"https:\/\/blogs.internetallee.de\/martin\/ueber-mich\/","article_modified_time":"2025-07-27T09:50:59+00:00","twitter_card":"summary_large_image","twitter_misc":{"Gesch\u00e4tzte Lesezeit":"1\u00a0Minute"},"schema":{"@context":"https:\/\/schema.org","@graph":[{"@type":"WebPage","@id":"https:\/\/blogs.internetallee.de\/martin\/ueber-mich\/","url":"https:\/\/blogs.internetallee.de\/martin\/ueber-mich\/","name":"\u00dcber mich |","isPartOf":{"@id":"https:\/\/blogs.internetallee.de\/martin\/#website"},"datePublished":"2025-07-19T18:38:35+00:00","dateModified":"2025-07-27T09:50:59+00:00","breadcrumb":{"@id":"https:\/\/blogs.internetallee.de\/martin\/ueber-mich\/#breadcrumb"},"inLanguage":"de","potentialAction":[{"@type":"ReadAction","target":["https:\/\/blogs.internetallee.de\/martin\/ueber-mich\/"]}]},{"@type":"BreadcrumbList","@id":"https:\/\/blogs.internetallee.de\/martin\/ueber-mich\/#breadcrumb","itemListElement":[{"@type":"ListItem","position":1,"name":"Startseite","item":"https:\/\/blogs.internetallee.de\/martin\/"},{"@type":"ListItem","position":2,"name":"\u00dcber mich"}]},{"@type":"WebSite","@id":"https:\/\/blogs.internetallee.de\/martin\/#website","url":"https:\/\/blogs.internetallee.de\/martin\/","name":"","description":"","potentialAction":[{"@type":"SearchAction","target":{"@type":"EntryPoint","urlTemplate":"https:\/\/blogs.internetallee.de\/martin\/?s={search_term_string}"},"query-input":{"@type":"PropertyValueSpecification","valueRequired":true,"valueName":"search_term_string"}}],"inLanguage":"de"}]}},"_links":{"self":[{"href":"https:\/\/blogs.internetallee.de\/martin\/wp-json\/wp\/v2\/pages\/94","targetHints":{"allow":["GET"]}}],"collection":[{"href":"https:\/\/blogs.internetallee.de\/martin\/wp-json\/wp\/v2\/pages"}],"about":[{"href":"https:\/\/blogs.internetallee.de\/martin\/wp-json\/wp\/v2\/types\/page"}],"author":[{"embeddable":true,"href":"https:\/\/blogs.internetallee.de\/martin\/wp-json\/wp\/v2\/users\/4"}],"replies":[{"embeddable":true,"href":"https:\/\/blogs.internetallee.de\/martin\/wp-json\/wp\/v2\/comments?post=94"}],"version-history":[{"count":1,"href":"https:\/\/blogs.internetallee.de\/martin\/wp-json\/wp\/v2\/pages\/94\/revisions"}],"predecessor-version":[{"id":95,"href":"https:\/\/blogs.internetallee.de\/martin\/wp-json\/wp\/v2\/pages\/94\/revisions\/95"}],"wp:attachment":[{"href":"https:\/\/blogs.internetallee.de\/martin\/wp-json\/wp\/v2\/media?parent=94"}],"curies":[{"name":"wp","href":"https:\/\/api.w.org\/{rel}","templated":true}]}}