{"id":2,"date":"2020-03-22T09:06:12","date_gmt":"2020-03-22T08:06:12","guid":{"rendered":"http:\/\/blogs.internetallee.de\/quiz\/?page_id=2"},"modified":"2020-04-01T17:04:47","modified_gmt":"2020-04-01T15:04:47","slug":"beispiel-seite","status":"publish","type":"page","link":"https:\/\/blogs.internetallee.de\/quiz\/beispiel-seite\/","title":{"rendered":"Impressum"},"content":{"rendered":"\n<p>Julia L\u00fctz<br> Maarflach 7 &#8211; 13<br> 53113 Bonn<br> Telefon: 02 28 &#8211; 28 97 07 57<br> Fax:       02 28 &#8211; 85 42 94 38 <br> E-Mail: <a href=\"luetz@muensterschule.de\">luetz@<\/a>muensterschule.de<\/p>\n\n\n\n<p>Rechtliche Hinweise<\/p>\n\n\n\n<p>Das Layout der Homepage, die verwendeten Grafiken sowie Beitr\u00e4ge und \nBilder sind urheberrechtlich gesch\u00fctzt. Die Seiten d\u00fcrfen ausschlie\u00dflich\n zum privaten Gebrauch ohne jegliche \u00c4nderung vervielf\u00e4ltigt werden. \nEine Verbreitung von Kopien oder Ausz\u00fcgen ist nur mit schriftlicher \nGenehmigung zul\u00e4ssig.<\/p>\n\n\n\n<p>Haftungsausschluss<\/p>\n\n\n\n<p>Die Informationen, die Sie auf diesem Internetauftritt vorfinden, \nwurden nach bestem Wissen und Gewissen sorgf\u00e4ltig zusammengestellt und \ngepr\u00fcft. Es wird jedoch keine Gew\u00e4hr \u2013 weder ausdr\u00fccklich noch \nstillschweigend \u2013 f\u00fcr die Vollst\u00e4ndigkeit, Richtigkeit, Aktualit\u00e4t oder \nQualit\u00e4t und jederzeitige Verf\u00fcgbarkeit der bereitgestellten \nInformationen \u00fcbernommen. In keinem Fall wird f\u00fcr Sch\u00e4den, die sich aus \nder Verwendung der abgerufenen Informationen ergeben, eine Haftung \n\u00fcbernommen.<\/p>\n\n\n\n<p>Internetseiten dritter Anbieter\/Links<\/p>\n\n\n\n<p>Diese Internetseite enth\u00e4lt auch Links oder Verweise auf \nInternetauftritte Dritter. Diese Links zu Internetauftritten Dritter \nstellen keine Zustimmung zu deren Inhalten durch den Herausgeber dar. Es\n wird keine Verantwortung f\u00fcr die Verf\u00fcgbarkeit oder den Inhalt solcher \nInternetauftritte \u00fcbernommen und keine Haftung f\u00fcr Sch\u00e4den oder \nVerletzungen, die aus der Nutzung \u2013 gleich welcher Art \u2013 solcher Inhalte\n entstehen. Mit den Links zu anderen Internetauftritten wird den Nutzern\n lediglich der Zugang zur Nutzung der Inhalte vermittelt. F\u00fcr illegale, \nfehlerhafte oder unvollst\u00e4ndige Inhalte und f\u00fcr Sch\u00e4den, die aus der \nNutzung entstehen, haftet allein der Anbieter der Seite, auf welche \nverwiesen wurde.<\/p>\n\n\n\n<h2 class=\"wp-block-heading\"><a href=\"https:\/\/www.muensterschule.de\/unsere-schule\/datenschutz\/\">Datenschutzerkl\u00e4rung gem\u00e4\u00df Art. 13 DSGVO<\/a><\/h2>\n\n\n\n<p>In diesem Dokument informieren wir die Nutzerinnen und Nutzer unseres Internetangebots dar\u00fcber,<br>\n\u2013 welche personenbezogenen Daten wir zu<br>\n\u2013 welchen Zwecken, auf<br>\n\u2013 welchen Rechtsgrundlagen verarbeiten und wie<br>\n\u2013 sie ihre Rechte wahrnehmen k\u00f6nnen.<\/p>\n","protected":false},"excerpt":{"rendered":"<p>Julia L\u00fctz Maarflach 7 &#8211; 13 53113 Bonn Telefon: 02 28 &#8211; 28 97 07 57 Fax: 02 28 &#8211; 85 42 94 38 E-Mail: luetz@muensterschule.de Rechtliche Hinweise Das Layout der Homepage, die verwendeten Grafiken sowie Beitr\u00e4ge und Bilder sind urheberrechtlich gesch\u00fctzt. Die Seiten d\u00fcrfen ausschlie\u00dflich zum privaten Gebrauch ohne jegliche \u00c4nderung vervielf\u00e4ltigt werden. Eine [&hellip;]<\/p>\n","protected":false},"author":20,"featured_media":0,"parent":0,"menu_order":0,"comment_status":"closed","ping_status":"open","template":"","meta":{"footnotes":""},"class_list":["post-2","page","type-page","status-publish","hentry","missing-thumbnail"],"_links":{"self":[{"href":"https:\/\/blogs.internetallee.de\/quiz\/wp-json\/wp\/v2\/pages\/2","targetHints":{"allow":["GET"]}}],"collection":[{"href":"https:\/\/blogs.internetallee.de\/quiz\/wp-json\/wp\/v2\/pages"}],"about":[{"href":"https:\/\/blogs.internetallee.de\/quiz\/wp-json\/wp\/v2\/types\/page"}],"author":[{"embeddable":true,"href":"https:\/\/blogs.internetallee.de\/quiz\/wp-json\/wp\/v2\/users\/20"}],"replies":[{"embeddable":true,"href":"https:\/\/blogs.internetallee.de\/quiz\/wp-json\/wp\/v2\/comments?post=2"}],"version-history":[{"count":4,"href":"https:\/\/blogs.internetallee.de\/quiz\/wp-json\/wp\/v2\/pages\/2\/revisions"}],"predecessor-version":[{"id":298,"href":"https:\/\/blogs.internetallee.de\/quiz\/wp-json\/wp\/v2\/pages\/2\/revisions\/298"}],"wp:attachment":[{"href":"https:\/\/blogs.internetallee.de\/quiz\/wp-json\/wp\/v2\/media?parent=2"}],"curies":[{"name":"wp","href":"https:\/\/api.w.org\/{rel}","templated":true}]}}